{"id":280,"date":"2020-05-04T16:57:10","date_gmt":"2020-05-04T14:57:10","guid":{"rendered":"http:\/\/www.jardineriaelhayedo.com\/?page_id=280"},"modified":"2020-06-14T19:17:19","modified_gmt":"2020-06-14T17:17:19","slug":"desbroces-madrid","status":"publish","type":"page","link":"https:\/\/www.jardineriaelhayedo.com\/index.php\/desbroces-madrid\/","title":{"rendered":"Desbroces"},"content":{"rendered":"<p>Realizamos <strong>desbroces <\/strong>en Madrid y limpieza de terrenos, eliminando maleza, malas hierbas, tocones, ramas, escombros o cualquier resto que tenga la finca.<\/p>\n<p>Un terreno lleno de maleza, y restos varios supone un problema para las personas o inmuebles.<\/p>\n<p>Disponemos de maquinaria adecuada para realizar cualquier tipo de trabajo, ya sean peque\u00f1os o grandes terrenos. Desbrozadoras <a href=\"http:\/\/sumelma.distribuidor-oficial.es\/inicio.html\">Stihl<\/a> de hilo, cuhilla o martillos.<\/p>\n<p>El desbroce es esencial por varios motivos:<\/p>\n<p>&#8211; Reduce el riesgo de incendio al eliminar la capa vegetal que cubre el suelo, Con esto impedimos que esta capa pueda secarse en \u00e9poca estival y prenderse accidentalmente o propagar un fuego de un terreno colindante.<\/p>\n<p>&#8211; Evita que insectos de todo tipo, incluso roedores, aniden y hagan del terreno su h\u00e1bitat, acabando este por ser un sitio insalubre para el ser humano.<\/p>\n<p>&#8211; Est\u00e9tica, un terreno bien cuidado siempre dar\u00e1 una imagen mucho mejor que un \u00e1rea con maleza, hierbas altas o restos, ya que esta transmite una imagen de abandono, la cual provoca nuevos vertidos de restos por terceras personas&#8230;<\/p>\n<p>En caso de solicitarlo los residuos vegetales son trasladados a los Centros Autorizados de residuos Org\u00e1nicos, el resto de restos a lugar autorizado de residuos.<\/p>\n<p>Presupuesto de <strong>desbroces <\/strong>en Madrid Gratuitos y sin compromiso. <a href=\"http:\/\/www.jardineriaelhayedo.com\/index.php\/contacto\/\">\u00a1\u00a1\u00a1Contacte con Nosotros!!!<\/a><\/p>\n<p style=\"text-align: center;\"><a id=\"c\" role=\"button\" href=\"#contacto\">Solicitar presupuesto &#8211; \u00a1\u00a1\u00a1 Gratuito y sin compromiso !!!<br \/>\n<\/a><a role=\"button\" href=\"#\"><br \/>\nTambi\u00e9n puede llamarnos &#8211; 630 34 30 62<\/a><\/p>\n<p>&nbsp;<\/p>\n<p class=\"text-2\" style=\"text-align: center;\"><a href=\"http:\/\/www.jardineriaelhayedo.com\/index.php\/mantenimiento-de-jardineria\/\">Mantenimiento de Jardines.<\/a><\/p>\n<p class=\"text-2\" style=\"text-align: center;\"><a href=\"http:\/\/www.jardineriaelhayedo.com\/index.php\/diseno-de-jardines\/\">Dise\u00f1o y Creaci\u00f3n de Jardines.<\/a><\/p>\n<p class=\"text-2\" style=\"text-align: center;\"><a href=\"http:\/\/www.jardineriaelhayedo.com\/index.php\/poda-de-arboles\/\">Poda de altura. Mediante trepa o elevadora. Tala y destoconado.<\/a><\/p>\n<p style=\"text-align: center;\"><a href=\"http:\/\/www.jardineriaelhayedo.com\/index.php\/cesped-natural-tepes\/\">C\u00e9sped natural en semilla o tepe<\/a>,\u00a0<a href=\"http:\/\/www.jardineriaelhayedo.com\/index.php\/cesped-artificial-2\/\">C\u00e9sped artificial.<\/a><\/p>\n<p class=\"text-2\" style=\"text-align: center;\"><a href=\"http:\/\/www.jardineriaelhayedo.com\/index.php\/riego-automatico\/\">Riego Autom\u00e1tico.<\/a><\/p>\n<p class=\"text-2\" style=\"text-align: center;\"><a href=\"http:\/\/www.jardineriaelhayedo.com\/index.php\/endoterapia\/\">Tratamientos Fitosanitarios.\u00a0Endoterapia.<\/a><\/p>\n","protected":false},"excerpt":{"rendered":"<p>Realizamos desbroces en Madrid y limpieza de terrenos, eliminando maleza, malas hierbas, tocones, ramas, escombros o cualquier resto que tenga la finca. Un terreno lleno de maleza, y restos varios supone un problema para las personas o inmuebles. Disponemos de maquinaria adecuada para realizar cualquier tipo de trabajo, ya sean peque\u00f1os o grandes terrenos. Desbrozadoras [&hellip;]<\/p>\n","protected":false},"author":1,"featured_media":354,"parent":0,"menu_order":0,"comment_status":"closed","ping_status":"closed","template":"","meta":[],"yoast_head":"<!-- This site is optimized with the Yoast SEO plugin v19.12 - https:\/\/yoast.com\/wordpress\/plugins\/seo\/ -->\n<title>Desbroces - Mantenimiento de Jardines Madrid<\/title>\n<meta name=\"description\" content=\"Desbroces en Madrid y limpieza de terrenos ya sean peque\u00f1os o grandes terrenos. Desbrozadoras de hilo, cuhillas o martillos.\" \/>\n<meta name=\"robots\" content=\"index, follow, max-snippet:-1, max-image-preview:large, max-video-preview:-1\" \/>\n<link rel=\"canonical\" href=\"http:\/\/www.jardineriaelhayedo.com\/index.php\/desbroces-madrid\/\" \/>\n<meta property=\"og:locale\" content=\"es_ES\" \/>\n<meta property=\"og:type\" content=\"article\" \/>\n<meta property=\"og:title\" content=\"Desbroces - Mantenimiento de Jardines Madrid\" \/>\n<meta property=\"og:description\" content=\"Desbroces en Madrid y limpieza de terrenos ya sean peque\u00f1os o grandes terrenos. Desbrozadoras de hilo, cuhillas o martillos.\" \/>\n<meta property=\"og:url\" content=\"http:\/\/www.jardineriaelhayedo.com\/index.php\/desbroces-madrid\/\" \/>\n<meta property=\"og:site_name\" content=\"Mantenimiento de Jardines Madrid\" \/>\n<meta property=\"article:publisher\" content=\"https:\/\/www.facebook.com\/jardineriaelhayedo\/\" \/>\n<meta property=\"article:modified_time\" content=\"2020-06-14T17:17:19+00:00\" \/>\n<meta property=\"og:image\" content=\"http:\/\/www.jardineriaelhayedo.com\/wp-content\/uploads\/2020\/05\/desbroce-madrid-1.jpg\" \/>\n\t<meta property=\"og:image:width\" content=\"1180\" \/>\n\t<meta property=\"og:image:height\" content=\"475\" \/>\n\t<meta property=\"og:image:type\" content=\"image\/jpeg\" \/>\n<meta name=\"twitter:card\" content=\"summary_large_image\" \/>\n<meta name=\"twitter:site\" content=\"@elhayedo\" \/>\n<meta name=\"twitter:label1\" content=\"Tiempo de lectura\" \/>\n\t<meta name=\"twitter:data1\" content=\"1 minuto\" \/>\n<script type=\"application\/ld+json\" class=\"yoast-schema-graph\">{\"@context\":\"https:\/\/schema.org\",\"@graph\":[{\"@type\":\"WebPage\",\"@id\":\"http:\/\/www.jardineriaelhayedo.com\/index.php\/desbroces-madrid\/\",\"url\":\"http:\/\/www.jardineriaelhayedo.com\/index.php\/desbroces-madrid\/\",\"name\":\"Desbroces - Mantenimiento de Jardines Madrid\",\"isPartOf\":{\"@id\":\"https:\/\/www.jardineriaelhayedo.com\/#website\"},\"datePublished\":\"2020-05-04T14:57:10+00:00\",\"dateModified\":\"2020-06-14T17:17:19+00:00\",\"description\":\"Desbroces en Madrid y limpieza de terrenos ya sean peque\u00f1os o grandes terrenos. Desbrozadoras de hilo, cuhillas o martillos.\",\"breadcrumb\":{\"@id\":\"http:\/\/www.jardineriaelhayedo.com\/index.php\/desbroces-madrid\/#breadcrumb\"},\"inLanguage\":\"es\",\"potentialAction\":[{\"@type\":\"ReadAction\",\"target\":[\"http:\/\/www.jardineriaelhayedo.com\/index.php\/desbroces-madrid\/\"]}]},{\"@type\":\"BreadcrumbList\",\"@id\":\"http:\/\/www.jardineriaelhayedo.com\/index.php\/desbroces-madrid\/#breadcrumb\",\"itemListElement\":[{\"@type\":\"ListItem\",\"position\":1,\"name\":\"Portada\",\"item\":\"https:\/\/www.jardineriaelhayedo.com\/\"},{\"@type\":\"ListItem\",\"position\":2,\"name\":\"Desbroces\"}]},{\"@type\":\"WebSite\",\"@id\":\"https:\/\/www.jardineriaelhayedo.com\/#website\",\"url\":\"https:\/\/www.jardineriaelhayedo.com\/\",\"name\":\"Jardiner\u00eda el Hayedo S.L\",\"description\":\"Mantenimiento de Jardines, dise\u00f1o de jardines, poda de altura, riego autom\u00e1tico, c\u00e9sped natural y artificial.\",\"publisher\":{\"@id\":\"https:\/\/www.jardineriaelhayedo.com\/#organization\"},\"potentialAction\":[{\"@type\":\"SearchAction\",\"target\":{\"@type\":\"EntryPoint\",\"urlTemplate\":\"https:\/\/www.jardineriaelhayedo.com\/?s={search_term_string}\"},\"query-input\":\"required name=search_term_string\"}],\"inLanguage\":\"es\"},{\"@type\":\"Organization\",\"@id\":\"https:\/\/www.jardineriaelhayedo.com\/#organization\",\"name\":\"Jardiner\u00eda el Hayedo S.L\",\"url\":\"https:\/\/www.jardineriaelhayedo.com\/\",\"logo\":{\"@type\":\"ImageObject\",\"inLanguage\":\"es\",\"@id\":\"https:\/\/www.jardineriaelhayedo.com\/#\/schema\/logo\/image\/\",\"url\":\"http:\/\/www.jardineriaelhayedo.com\/wp-content\/uploads\/2016\/10\/logo.jpg\",\"contentUrl\":\"http:\/\/www.jardineriaelhayedo.com\/wp-content\/uploads\/2016\/10\/logo.jpg\",\"width\":503,\"height\":495,\"caption\":\"Jardiner\u00eda el Hayedo S.L\"},\"image\":{\"@id\":\"https:\/\/www.jardineriaelhayedo.com\/#\/schema\/logo\/image\/\"},\"sameAs\":[\"https:\/\/www.instagram.com\/jardineriaelhayedo\/\",\"https:\/\/es.pinterest.com\/elhayedo\/\",\"https:\/\/www.youtube.com\/channel\/UCnkqV1yS7_tKkXZfSmiL44w\",\"https:\/\/www.facebook.com\/jardineriaelhayedo\/\",\"https:\/\/twitter.com\/elhayedo\"]}]}<\/script>\n<!-- \/ Yoast SEO plugin. -->","yoast_head_json":{"title":"Desbroces - Mantenimiento de Jardines Madrid","description":"Desbroces en Madrid y limpieza de terrenos ya sean peque\u00f1os o grandes terrenos. Desbrozadoras de hilo, cuhillas o martillos.","robots":{"index":"index","follow":"follow","max-snippet":"max-snippet:-1","max-image-preview":"max-image-preview:large","max-video-preview":"max-video-preview:-1"},"canonical":"http:\/\/www.jardineriaelhayedo.com\/index.php\/desbroces-madrid\/","og_locale":"es_ES","og_type":"article","og_title":"Desbroces - Mantenimiento de Jardines Madrid","og_description":"Desbroces en Madrid y limpieza de terrenos ya sean peque\u00f1os o grandes terrenos. Desbrozadoras de hilo, cuhillas o martillos.","og_url":"http:\/\/www.jardineriaelhayedo.com\/index.php\/desbroces-madrid\/","og_site_name":"Mantenimiento de Jardines Madrid","article_publisher":"https:\/\/www.facebook.com\/jardineriaelhayedo\/","article_modified_time":"2020-06-14T17:17:19+00:00","og_image":[{"width":1180,"height":475,"url":"http:\/\/www.jardineriaelhayedo.com\/wp-content\/uploads\/2020\/05\/desbroce-madrid-1.jpg","type":"image\/jpeg"}],"twitter_card":"summary_large_image","twitter_site":"@elhayedo","twitter_misc":{"Tiempo de lectura":"1 minuto"},"schema":{"@context":"https:\/\/schema.org","@graph":[{"@type":"WebPage","@id":"http:\/\/www.jardineriaelhayedo.com\/index.php\/desbroces-madrid\/","url":"http:\/\/www.jardineriaelhayedo.com\/index.php\/desbroces-madrid\/","name":"Desbroces - Mantenimiento de Jardines Madrid","isPartOf":{"@id":"https:\/\/www.jardineriaelhayedo.com\/#website"},"datePublished":"2020-05-04T14:57:10+00:00","dateModified":"2020-06-14T17:17:19+00:00","description":"Desbroces en Madrid y limpieza de terrenos ya sean peque\u00f1os o grandes terrenos. Desbrozadoras de hilo, cuhillas o martillos.","breadcrumb":{"@id":"http:\/\/www.jardineriaelhayedo.com\/index.php\/desbroces-madrid\/#breadcrumb"},"inLanguage":"es","potentialAction":[{"@type":"ReadAction","target":["http:\/\/www.jardineriaelhayedo.com\/index.php\/desbroces-madrid\/"]}]},{"@type":"BreadcrumbList","@id":"http:\/\/www.jardineriaelhayedo.com\/index.php\/desbroces-madrid\/#breadcrumb","itemListElement":[{"@type":"ListItem","position":1,"name":"Portada","item":"https:\/\/www.jardineriaelhayedo.com\/"},{"@type":"ListItem","position":2,"name":"Desbroces"}]},{"@type":"WebSite","@id":"https:\/\/www.jardineriaelhayedo.com\/#website","url":"https:\/\/www.jardineriaelhayedo.com\/","name":"Jardiner\u00eda el Hayedo S.L","description":"Mantenimiento de Jardines, dise\u00f1o de jardines, poda de altura, riego autom\u00e1tico, c\u00e9sped natural y artificial.","publisher":{"@id":"https:\/\/www.jardineriaelhayedo.com\/#organization"},"potentialAction":[{"@type":"SearchAction","target":{"@type":"EntryPoint","urlTemplate":"https:\/\/www.jardineriaelhayedo.com\/?s={search_term_string}"},"query-input":"required name=search_term_string"}],"inLanguage":"es"},{"@type":"Organization","@id":"https:\/\/www.jardineriaelhayedo.com\/#organization","name":"Jardiner\u00eda el Hayedo S.L","url":"https:\/\/www.jardineriaelhayedo.com\/","logo":{"@type":"ImageObject","inLanguage":"es","@id":"https:\/\/www.jardineriaelhayedo.com\/#\/schema\/logo\/image\/","url":"http:\/\/www.jardineriaelhayedo.com\/wp-content\/uploads\/2016\/10\/logo.jpg","contentUrl":"http:\/\/www.jardineriaelhayedo.com\/wp-content\/uploads\/2016\/10\/logo.jpg","width":503,"height":495,"caption":"Jardiner\u00eda el Hayedo S.L"},"image":{"@id":"https:\/\/www.jardineriaelhayedo.com\/#\/schema\/logo\/image\/"},"sameAs":["https:\/\/www.instagram.com\/jardineriaelhayedo\/","https:\/\/es.pinterest.com\/elhayedo\/","https:\/\/www.youtube.com\/channel\/UCnkqV1yS7_tKkXZfSmiL44w","https:\/\/www.facebook.com\/jardineriaelhayedo\/","https:\/\/twitter.com\/elhayedo"]}]}},"jetpack_sharing_enabled":true,"jetpack_likes_enabled":true,"jetpack-related-posts":[{"id":23,"url":"https:\/\/www.jardineriaelhayedo.com\/","url_meta":{"origin":280,"position":0},"title":"Jardiner\u00eda Madrid","date":"18\/10\/2016","format":false,"excerpt":"Nos dedicamos al Mantenimiento de jardines Madrid. Dise\u00f1o y Creaci\u00f3n de Jardines de empresa, comunitarios \u00f3 privados. Estudio e instalaci\u00f3n de sistema de riego autom\u00e1tico. Con suministro de agua del canal o con grupo de presion y agua de pozo. Tratamientos fitosanitarios, especializados en todo tipo de plagas. Tratamientos de\u2026","rel":"","context":"Entrada similar","img":{"alt_text":"Mantenimiento de jardines Madrid. Jardiner\u00eda Madrid. Jardineros Madrid","src":"https:\/\/i0.wp.com\/www.jardineriaelhayedo.com\/wp-content\/uploads\/2020\/05\/Mantenimiento-de-jardines-madrid.jpg?resize=350%2C200&ssl=1","width":350,"height":200},"classes":[]},{"id":72,"url":"https:\/\/www.jardineriaelhayedo.com\/index.php\/diseno-de-jardines-madrid\/","url_meta":{"origin":280,"position":1},"title":"Dise\u00f1o de jardines","date":"18\/10\/2016","format":false,"excerpt":"01. Plano Maestro: Realizaci\u00f3n de una primera idea en Plano. Primera toma de contacto con su nuevo jard\u00edn, tomamos medidas y empezamos a ver las posibilidades que ofrece, as\u00ed como la orientaci\u00f3n y horas de sol, tipo de terreno y sobre todo usted empieza a darnos sus primeras ideas... Para\u2026","rel":"","context":"Entrada similar","img":{"alt_text":"","src":"","width":0,"height":0},"classes":[]},{"id":81,"url":"https:\/\/www.jardineriaelhayedo.com\/index.php\/contacto\/","url_meta":{"origin":280,"position":2},"title":"Contacto","date":"18\/10\/2016","format":false,"excerpt":"\u00a1\u00a1\u00a1Presupuestos Gratuitos y sin compromiso!!! Jardiner\u00eda el Hayedo S.L 630 34 30 62 91 477 51 11 contacto@jardineriaelhayedo.com Dise\u00f1o y Creaci\u00f3n de Jardines. Poda de altura. Mediante trepa o elevadora. Tala y destoconado. C\u00e9sped natural en semilla o tepe, C\u00e9sped artificial. Desbroces. Limpieza de parcelas. Trabajos forestales. Riego Autom\u00e1tico. Ultimas\u2026","rel":"","context":"Entrada similar","img":{"alt_text":"","src":"","width":0,"height":0},"classes":[]},{"id":2,"url":"https:\/\/www.jardineriaelhayedo.com\/index.php\/nosotros\/","url_meta":{"origin":280,"position":3},"title":"Nosotros","date":"18\/10\/2016","format":false,"excerpt":"Somos una empresa en expansi\u00f3n. Nacida en el a\u00f1o 2005. Nos dedicamos tanto al Dise\u00f1o y Creaci\u00f3n como al Mantenimiento de Jardines, dando servicio a todo lo relacionado con la Jardiner\u00eda en general. Entramos en un Jard\u00edn y al salir es otro totaqlmente renovado. Creamos jardines y rincones especiales. Estamos\u2026","rel":"","context":"Entrada similar","img":{"alt_text":"","src":"","width":0,"height":0},"classes":[]},{"id":155,"url":"https:\/\/www.jardineriaelhayedo.com\/index.php\/poda-de-arboles-madrid\/","url_meta":{"origin":280,"position":4},"title":"Poda de arboles","date":"30\/11\/2018","format":false,"excerpt":"Un Arbolado en mal estado supone un problema para las personas o inmuebles. Realizamos poda de arboles en Madrid principalmente, aunque trabajamos por todo el territorio Nacional. Utilizamos el metodo mediante trepa, la cual nos permite podar \u00f3 talar ejemplares de dif\u00edcil acceso. Contamos con\u00a0Seguro de Responsabilidad Civil y Prevenci\u00f3n\u2026","rel":"","context":"Entrada similar","img":{"alt_text":"","src":"https:\/\/i0.wp.com\/www.jardineriaelhayedo.com\/wp-content\/uploads\/2020\/05\/Poda-de-arboles-150x150.jpg?resize=350%2C200&ssl=1","width":350,"height":200},"classes":[]},{"id":28,"url":"https:\/\/www.jardineriaelhayedo.com\/index.php\/mantenimiento-de-jardineria-madrid\/","url_meta":{"origin":280,"position":5},"title":"Mantenimiento de jardiner\u00eda","date":"18\/10\/2016","format":false,"excerpt":"Ofrecemos 2 tipos de Mantenimiento Mantenimiento de Jardiner\u00eda B\u00e1sico : - Siega de c\u00e9sped con perfilado de borde. - Perfilado de arbustos y setos. - Limpieza de jard\u00edn. - Riego de macetas. - Recorte de rosales y plantas. - Recorte de ariz\u00f3nica. - Entrecavado de macizos. - Tratamientos fitosanitarios. -\u2026","rel":"","context":"Entrada similar","img":{"alt_text":"","src":"https:\/\/i0.wp.com\/www.jardineriaelhayedo.com\/wp-content\/uploads\/2016\/10\/corte-de-cesped-300x198.jpg?resize=350%2C200","width":350,"height":200},"classes":[]}],"_links":{"self":[{"href":"https:\/\/www.jardineriaelhayedo.com\/index.php\/wp-json\/wp\/v2\/pages\/280"}],"collection":[{"href":"https:\/\/www.jardineriaelhayedo.com\/index.php\/wp-json\/wp\/v2\/pages"}],"about":[{"href":"https:\/\/www.jardineriaelhayedo.com\/index.php\/wp-json\/wp\/v2\/types\/page"}],"author":[{"embeddable":true,"href":"https:\/\/www.jardineriaelhayedo.com\/index.php\/wp-json\/wp\/v2\/users\/1"}],"replies":[{"embeddable":true,"href":"https:\/\/www.jardineriaelhayedo.com\/index.php\/wp-json\/wp\/v2\/comments?post=280"}],"version-history":[{"count":9,"href":"https:\/\/www.jardineriaelhayedo.com\/index.php\/wp-json\/wp\/v2\/pages\/280\/revisions"}],"predecessor-version":[{"id":391,"href":"https:\/\/www.jardineriaelhayedo.com\/index.php\/wp-json\/wp\/v2\/pages\/280\/revisions\/391"}],"wp:featuredmedia":[{"embeddable":true,"href":"https:\/\/www.jardineriaelhayedo.com\/index.php\/wp-json\/wp\/v2\/media\/354"}],"wp:attachment":[{"href":"https:\/\/www.jardineriaelhayedo.com\/index.php\/wp-json\/wp\/v2\/media?parent=280"}],"curies":[{"name":"wp","href":"https:\/\/api.w.org\/{rel}","templated":true}]}}