{"id":12,"date":"2016-10-18T06:12:17","date_gmt":"2016-10-18T06:12:17","guid":{"rendered":"http:\/\/www.jardineriaelhayedo.com\/index.php\/politica-de-cookies\/"},"modified":"2016-10-18T06:12:17","modified_gmt":"2016-10-18T06:12:17","slug":"politica-de-cookies","status":"publish","type":"page","link":"http:\/\/www.jardineriaelhayedo.com\/index.php\/politica-de-cookies\/","title":{"rendered":"Pol\u00edtica de cookies"},"content":{"rendered":"<h1>Pol\u00edtica de cookies<\/h1>\n<p>\n\tUna <em>cookie<\/em> es un peque\u00f1o fichero de texto que se almacena en su navegador cuando visita casi cualquier p\u00e1gina web. Su utilidad es que la web sea capaz de recordar su visita cuando vuelva a navegar por esa p\u00e1gina. Las <em>cookies<\/em> suelen almacenar informaci\u00f3n de car\u00e1cter t\u00e9cnico, preferencias personales, personalizaci\u00f3n de contenidos, estad\u00edsticas de uso, enlaces a redes sociales, acceso a cuentas de usuario, etc. El objetivo de la <em>cookie<\/em> es adaptar el contenido de la web a su perfil y necesidades, sin <em>cookies<\/em> los servicios ofrecidos por cualquier p\u00e1gina se ver\u00edan mermados notablemente. Si desea consultar m\u00e1s informaci\u00f3n sobre qu\u00e9 son las <em>cookies<\/em>, qu\u00e9 almacenan, c\u00f3mo eliminarlas, desactivarlas, etc., <a href=\"http:\/\/www.jardineriaelhayedo.com\/index.php\/mas-informacion-sobre-las-cookies\/\">le rogamos se dirija a este enlace.<\/a>\n<\/p>\n<h2>Cookies utilizadas en este sitio web<\/h2>\n<p>\n\tSiguiendo las directrices de la Agencia Espa\u00f1ola de Protecci\u00f3n de Datos procedemos a detallar el uso de <em>cookies<\/em> que hace esta web con el fin de informarle con la m\u00e1xima exactitud posible.\n<\/p>\n<p>\n\tEste sitio web utiliza las siguientes <strong>cookies propias<\/strong>:<\/p>\n<ul>\n<li>Cookies de sesi\u00f3n, para garantizar que los usuarios que escriban comentarios en el blog sean humanos y no aplicaciones automatizadas. De esta forma se combate el <em>spam<\/em>.<\/li>\n<\/ul>\n<p>\n\tEste sitio web utiliza las siguientes <strong>cookies de terceros<\/strong>:<\/p>\n<ul>\n<li>Google Analytics: Almacena <em>cookies<\/em> para poder elaborar estad\u00edsticas sobre el tr\u00e1fico y volumen de visitas de esta web. Al utilizar este sitio web est\u00e1 consintiendo el tratamiento de informaci\u00f3n acerca de usted por Google. Por tanto, el ejercicio de cualquier derecho en este sentido deber\u00e1 hacerlo comunicando directamente con Google.<\/li>\n<li>Redes sociales: Cada red social utiliza sus propias <em>cookies<\/em> para que usted pueda pinchar en botones del tipo <em>Me gusta<\/em> o <em>Compartir<\/em>.<\/li>\n<\/ul>\n<h2>Desactivaci\u00f3n o eliminaci\u00f3n de cookies<\/h2>\n<p>\n\tEn cualquier momento podr\u00e1 ejercer su derecho de desactivaci\u00f3n o eliminaci\u00f3n de cookies de este sitio web. Estas acciones se realizan de forma diferente en funci\u00f3n del navegador que est\u00e9 usando. <a href=\"http:\/\/www.jardineriaelhayedo.com\/index.php\/mas-informacion-sobre-las-cookies\/#navegadores\">Aqu\u00ed le dejamos una gu\u00eda r\u00e1pida para los navegadores m\u00e1s populares<\/a>.\n<\/p>\n<h2>Notas adicionales<\/h2>\n<ul>\n<li>\n\t\t\tNi esta web ni sus representantes legales se hacen responsables ni del contenido ni de la veracidad de las pol\u00edticas de privacidad que puedan tener los terceros mencionados en esta pol\u00edtica de <em>cookies<\/em>.\n\t\t<\/li>\n<li>\n\t\t\tLos navegadores web son las herramientas encargadas de almacenar las <em>cookies<\/em> y desde este lugar debe efectuar su derecho a eliminaci\u00f3n o desactivaci\u00f3n de las mismas. Ni esta web ni sus representantes legales pueden garantizar la correcta o incorrecta manipulaci\u00f3n de las <em>cookies<\/em> por parte de los mencionados navegadores.\n\t\t<\/li>\n<li>\n\t\t\tEn algunos casos es necesario instalar <em>cookies<\/em> para que el navegador no olvide su decisi\u00f3n de no aceptaci\u00f3n de las mismas.\n\t\t<\/li>\n<li>\n\t\t\tEn el caso de las <em>cookies<\/em> de Google Analytics, esta empresa almacena las <em>cookies<\/em> en servidores ubicados en Estados Unidos y se compromete a no compartirla con terceros, excepto en los casos en los que sea necesario para el funcionamiento del sistema o cuando la ley obligue a tal efecto. Seg\u00fan Google no guarda su direcci\u00f3n IP. Google Inc. es una compa\u00f1\u00eda adherida al Acuerdo de Puerto Seguro que garantiza que todos los datos transferidos ser\u00e1n tratados con un nivel de protecci\u00f3n acorde a la normativa europea. Puede consultar informaci\u00f3n detallada a este respecto <a href=\"http:\/\/safeharbor.export.gov\/companyinfo.aspx?id=16626\" target=\"_blank\">en este enlace<\/a>. Si desea informaci\u00f3n sobre el uso que Google da a las cookies <a href=\"https:\/\/developers.google.com\/analytics\/devguides\/collection\/analyticsjs\/cookie-usage?hl=es&#038;csw=1\" target=\"_blank\">le adjuntamos este otro enlace<\/a>.\n\t\t<\/li>\n<li>\n\t\t\tPara cualquier duda o consulta acerca de esta pol\u00edtica de <em>cookies<\/em> no dude en comunicarse con nosotros a trav\u00e9s de la secci\u00f3n de contacto.<\/a>\n\t\t<\/li>\n<\/ul>\n<p>\n\tAsesor de Cookies es un <a href=\"http:\/\/wordpress.org\/plugins\/asesor-cookies-para-la-ley-en-espana\/\" target=\"_blank\">plugin para WordPress<\/a> creado por Carlos Doral (<a href=\"http:\/\/webartesanal.com\" target=\"_blank\">webartesanal.com<\/a>)<\/p>\n","protected":false},"excerpt":{"rendered":"<p>Pol\u00edtica de cookies Una cookie es un peque\u00f1o fichero de texto que se almacena en su navegador cuando visita casi cualquier p\u00e1gina web. Su utilidad es que la web sea capaz de recordar su visita cuando vuelva a navegar por esa p\u00e1gina. Las cookies suelen almacenar informaci\u00f3n de car\u00e1cter t\u00e9cnico, preferencias personales, personalizaci\u00f3n de contenidos, [&hellip;]<\/p>\n","protected":false},"author":1,"featured_media":0,"parent":0,"menu_order":0,"comment_status":"closed","ping_status":"closed","template":"","meta":[],"yoast_head":"<!-- This site is optimized with the Yoast SEO plugin v19.12 - https:\/\/yoast.com\/wordpress\/plugins\/seo\/ -->\n<title>Pol\u00edtica de cookies - Mantenimiento de Jardines Madrid<\/title>\n<meta name=\"robots\" content=\"index, follow, max-snippet:-1, max-image-preview:large, max-video-preview:-1\" \/>\n<link rel=\"canonical\" href=\"http:\/\/www.jardineriaelhayedo.com\/index.php\/politica-de-cookies\/\" \/>\n<meta property=\"og:locale\" content=\"es_ES\" \/>\n<meta property=\"og:type\" content=\"article\" \/>\n<meta property=\"og:title\" content=\"Pol\u00edtica de cookies - Mantenimiento de Jardines Madrid\" \/>\n<meta property=\"og:description\" content=\"Pol\u00edtica de cookies Una cookie es un peque\u00f1o fichero de texto que se almacena en su navegador cuando visita casi cualquier p\u00e1gina web. Su utilidad es que la web sea capaz de recordar su visita cuando vuelva a navegar por esa p\u00e1gina. Las cookies suelen almacenar informaci\u00f3n de car\u00e1cter t\u00e9cnico, preferencias personales, personalizaci\u00f3n de contenidos, [&hellip;]\" \/>\n<meta property=\"og:url\" content=\"http:\/\/www.jardineriaelhayedo.com\/index.php\/politica-de-cookies\/\" \/>\n<meta property=\"og:site_name\" content=\"Mantenimiento de Jardines Madrid\" \/>\n<meta property=\"article:publisher\" content=\"https:\/\/www.facebook.com\/jardineriaelhayedo\/\" \/>\n<meta name=\"twitter:card\" content=\"summary_large_image\" \/>\n<meta name=\"twitter:site\" content=\"@elhayedo\" \/>\n<meta name=\"twitter:label1\" content=\"Tiempo de lectura\" \/>\n\t<meta name=\"twitter:data1\" content=\"3 minutos\" \/>\n<script type=\"application\/ld+json\" class=\"yoast-schema-graph\">{\"@context\":\"https:\/\/schema.org\",\"@graph\":[{\"@type\":\"WebPage\",\"@id\":\"http:\/\/www.jardineriaelhayedo.com\/index.php\/politica-de-cookies\/\",\"url\":\"http:\/\/www.jardineriaelhayedo.com\/index.php\/politica-de-cookies\/\",\"name\":\"Pol\u00edtica de cookies - Mantenimiento de Jardines Madrid\",\"isPartOf\":{\"@id\":\"https:\/\/www.jardineriaelhayedo.com\/#website\"},\"datePublished\":\"2016-10-18T06:12:17+00:00\",\"dateModified\":\"2016-10-18T06:12:17+00:00\",\"breadcrumb\":{\"@id\":\"http:\/\/www.jardineriaelhayedo.com\/index.php\/politica-de-cookies\/#breadcrumb\"},\"inLanguage\":\"es\",\"potentialAction\":[{\"@type\":\"ReadAction\",\"target\":[\"http:\/\/www.jardineriaelhayedo.com\/index.php\/politica-de-cookies\/\"]}]},{\"@type\":\"BreadcrumbList\",\"@id\":\"http:\/\/www.jardineriaelhayedo.com\/index.php\/politica-de-cookies\/#breadcrumb\",\"itemListElement\":[{\"@type\":\"ListItem\",\"position\":1,\"name\":\"Portada\",\"item\":\"https:\/\/www.jardineriaelhayedo.com\/\"},{\"@type\":\"ListItem\",\"position\":2,\"name\":\"Pol\u00edtica de cookies\"}]},{\"@type\":\"WebSite\",\"@id\":\"https:\/\/www.jardineriaelhayedo.com\/#website\",\"url\":\"https:\/\/www.jardineriaelhayedo.com\/\",\"name\":\"Jardiner\u00eda el Hayedo S.L\",\"description\":\"Mantenimiento de Jardines, dise\u00f1o de jardines, poda de altura, riego autom\u00e1tico, c\u00e9sped natural y artificial.\",\"publisher\":{\"@id\":\"https:\/\/www.jardineriaelhayedo.com\/#organization\"},\"potentialAction\":[{\"@type\":\"SearchAction\",\"target\":{\"@type\":\"EntryPoint\",\"urlTemplate\":\"https:\/\/www.jardineriaelhayedo.com\/?s={search_term_string}\"},\"query-input\":\"required name=search_term_string\"}],\"inLanguage\":\"es\"},{\"@type\":\"Organization\",\"@id\":\"https:\/\/www.jardineriaelhayedo.com\/#organization\",\"name\":\"Jardiner\u00eda el Hayedo S.L\",\"url\":\"https:\/\/www.jardineriaelhayedo.com\/\",\"logo\":{\"@type\":\"ImageObject\",\"inLanguage\":\"es\",\"@id\":\"https:\/\/www.jardineriaelhayedo.com\/#\/schema\/logo\/image\/\",\"url\":\"http:\/\/www.jardineriaelhayedo.com\/wp-content\/uploads\/2016\/10\/logo.jpg\",\"contentUrl\":\"http:\/\/www.jardineriaelhayedo.com\/wp-content\/uploads\/2016\/10\/logo.jpg\",\"width\":503,\"height\":495,\"caption\":\"Jardiner\u00eda el Hayedo S.L\"},\"image\":{\"@id\":\"https:\/\/www.jardineriaelhayedo.com\/#\/schema\/logo\/image\/\"},\"sameAs\":[\"https:\/\/www.instagram.com\/jardineriaelhayedo\/\",\"https:\/\/es.pinterest.com\/elhayedo\/\",\"https:\/\/www.youtube.com\/channel\/UCnkqV1yS7_tKkXZfSmiL44w\",\"https:\/\/www.facebook.com\/jardineriaelhayedo\/\",\"https:\/\/twitter.com\/elhayedo\"]}]}<\/script>\n<!-- \/ Yoast SEO plugin. -->","yoast_head_json":{"title":"Pol\u00edtica de cookies - Mantenimiento de Jardines Madrid","robots":{"index":"index","follow":"follow","max-snippet":"max-snippet:-1","max-image-preview":"max-image-preview:large","max-video-preview":"max-video-preview:-1"},"canonical":"http:\/\/www.jardineriaelhayedo.com\/index.php\/politica-de-cookies\/","og_locale":"es_ES","og_type":"article","og_title":"Pol\u00edtica de cookies - Mantenimiento de Jardines Madrid","og_description":"Pol\u00edtica de cookies Una cookie es un peque\u00f1o fichero de texto que se almacena en su navegador cuando visita casi cualquier p\u00e1gina web. Su utilidad es que la web sea capaz de recordar su visita cuando vuelva a navegar por esa p\u00e1gina. Las cookies suelen almacenar informaci\u00f3n de car\u00e1cter t\u00e9cnico, preferencias personales, personalizaci\u00f3n de contenidos, [&hellip;]","og_url":"http:\/\/www.jardineriaelhayedo.com\/index.php\/politica-de-cookies\/","og_site_name":"Mantenimiento de Jardines Madrid","article_publisher":"https:\/\/www.facebook.com\/jardineriaelhayedo\/","twitter_card":"summary_large_image","twitter_site":"@elhayedo","twitter_misc":{"Tiempo de lectura":"3 minutos"},"schema":{"@context":"https:\/\/schema.org","@graph":[{"@type":"WebPage","@id":"http:\/\/www.jardineriaelhayedo.com\/index.php\/politica-de-cookies\/","url":"http:\/\/www.jardineriaelhayedo.com\/index.php\/politica-de-cookies\/","name":"Pol\u00edtica de cookies - Mantenimiento de Jardines Madrid","isPartOf":{"@id":"https:\/\/www.jardineriaelhayedo.com\/#website"},"datePublished":"2016-10-18T06:12:17+00:00","dateModified":"2016-10-18T06:12:17+00:00","breadcrumb":{"@id":"http:\/\/www.jardineriaelhayedo.com\/index.php\/politica-de-cookies\/#breadcrumb"},"inLanguage":"es","potentialAction":[{"@type":"ReadAction","target":["http:\/\/www.jardineriaelhayedo.com\/index.php\/politica-de-cookies\/"]}]},{"@type":"BreadcrumbList","@id":"http:\/\/www.jardineriaelhayedo.com\/index.php\/politica-de-cookies\/#breadcrumb","itemListElement":[{"@type":"ListItem","position":1,"name":"Portada","item":"https:\/\/www.jardineriaelhayedo.com\/"},{"@type":"ListItem","position":2,"name":"Pol\u00edtica de cookies"}]},{"@type":"WebSite","@id":"https:\/\/www.jardineriaelhayedo.com\/#website","url":"https:\/\/www.jardineriaelhayedo.com\/","name":"Jardiner\u00eda el Hayedo S.L","description":"Mantenimiento de Jardines, dise\u00f1o de jardines, poda de altura, riego autom\u00e1tico, c\u00e9sped natural y artificial.","publisher":{"@id":"https:\/\/www.jardineriaelhayedo.com\/#organization"},"potentialAction":[{"@type":"SearchAction","target":{"@type":"EntryPoint","urlTemplate":"https:\/\/www.jardineriaelhayedo.com\/?s={search_term_string}"},"query-input":"required name=search_term_string"}],"inLanguage":"es"},{"@type":"Organization","@id":"https:\/\/www.jardineriaelhayedo.com\/#organization","name":"Jardiner\u00eda el Hayedo S.L","url":"https:\/\/www.jardineriaelhayedo.com\/","logo":{"@type":"ImageObject","inLanguage":"es","@id":"https:\/\/www.jardineriaelhayedo.com\/#\/schema\/logo\/image\/","url":"http:\/\/www.jardineriaelhayedo.com\/wp-content\/uploads\/2016\/10\/logo.jpg","contentUrl":"http:\/\/www.jardineriaelhayedo.com\/wp-content\/uploads\/2016\/10\/logo.jpg","width":503,"height":495,"caption":"Jardiner\u00eda el Hayedo S.L"},"image":{"@id":"https:\/\/www.jardineriaelhayedo.com\/#\/schema\/logo\/image\/"},"sameAs":["https:\/\/www.instagram.com\/jardineriaelhayedo\/","https:\/\/es.pinterest.com\/elhayedo\/","https:\/\/www.youtube.com\/channel\/UCnkqV1yS7_tKkXZfSmiL44w","https:\/\/www.facebook.com\/jardineriaelhayedo\/","https:\/\/twitter.com\/elhayedo"]}]}},"jetpack_sharing_enabled":true,"jetpack_likes_enabled":true,"jetpack-related-posts":[{"id":11,"url":"http:\/\/www.jardineriaelhayedo.com\/index.php\/mas-informacion-sobre-las-cookies\/","url_meta":{"origin":12,"position":0},"title":"M\u00e1s informaci\u00f3n sobre las cookies","date":"18\/10\/2016","format":false,"excerpt":"\u00bfQu\u00e9 es una cookie? Una cookie es un fichero de texto inofensivo que se almacena en su navegador cuando visita casi cualquier p\u00e1gina web. La utilidad de la cookie es que la web sea capaz de recordar su visita cuando vuelva a navegar por esa p\u00e1gina. Aunque mucha gente no\u2026","rel":"","context":"Entrada similar","img":{"alt_text":"","src":"","width":0,"height":0},"classes":[]},{"id":23,"url":"http:\/\/www.jardineriaelhayedo.com\/","url_meta":{"origin":12,"position":1},"title":"Jardiner\u00eda Madrid","date":"18\/10\/2016","format":false,"excerpt":"Nos dedicamos al Mantenimiento de jardines Madrid. Dise\u00f1o y Creaci\u00f3n de Jardines de empresa, comunitarios \u00f3 privados. Estudio e instalaci\u00f3n de sistema de riego autom\u00e1tico. Con suministro de agua del canal o con grupo de presion y agua de pozo. Tratamientos fitosanitarios, especializados en todo tipo de plagas. Tratamientos de\u2026","rel":"","context":"Entrada similar","img":{"alt_text":"Mantenimiento de jardines Madrid. Jardiner\u00eda Madrid. Jardineros Madrid","src":"https:\/\/i0.wp.com\/www.jardineriaelhayedo.com\/wp-content\/uploads\/2020\/05\/Mantenimiento-de-jardines-madrid.jpg?resize=350%2C200","width":350,"height":200},"classes":[]},{"id":17,"url":"http:\/\/www.jardineriaelhayedo.com\/index.php\/endoterapia\/","url_meta":{"origin":12,"position":2},"title":"Endoterapia","date":"18\/10\/2016","format":false,"excerpt":"La endoterapia vegetal por microinyecci\u00f3n es un sistema selectivo y eficaz con el que podemos realizar, con m\u00e1xima eficacia, los tratamientos fitosanitarios del arbolado, ya que ha sido dise\u00f1ado para preservar la salud del \u00e1rbol y la protecci\u00f3n del medio ambiente. Podemos satisfacer las exigentes necesidades de bioseguridad actuales, la\u2026","rel":"","context":"Entrada similar","img":{"alt_text":"","src":"https:\/\/i0.wp.com\/www.jardineriaelhayedo.com\/wp-content\/uploads\/2016\/10\/Endoterapia-300x200.jpg?resize=350%2C200","width":350,"height":200},"classes":[]},{"id":72,"url":"http:\/\/www.jardineriaelhayedo.com\/index.php\/diseno-de-jardines-madrid\/","url_meta":{"origin":12,"position":3},"title":"Dise\u00f1o de jardines","date":"18\/10\/2016","format":false,"excerpt":"01. Plano Maestro: Realizaci\u00f3n de una primera idea en Plano. Primera toma de contacto con su nuevo jard\u00edn, tomamos medidas y empezamos a ver las posibilidades que ofrece, as\u00ed como la orientaci\u00f3n y horas de sol, tipo de terreno y sobre todo usted empieza a darnos sus primeras ideas... Para\u2026","rel":"","context":"Entrada similar","img":{"alt_text":"","src":"","width":0,"height":0},"classes":[]},{"id":280,"url":"http:\/\/www.jardineriaelhayedo.com\/index.php\/desbroces-madrid\/","url_meta":{"origin":12,"position":4},"title":"Desbroces","date":"04\/05\/2020","format":false,"excerpt":"Realizamos desbroces en Madrid y limpieza de terrenos, eliminando maleza, malas hierbas, tocones, ramas, escombros o cualquier resto que tenga la finca. Un terreno lleno de maleza, y restos varios supone un problema para las personas o inmuebles. Disponemos de maquinaria adecuada para realizar cualquier tipo de trabajo, ya sean\u2026","rel":"","context":"Entrada similar","img":{"alt_text":"Desbroces Madrid. Desbroce de terrenos y parcelas Madrid","src":"https:\/\/i0.wp.com\/www.jardineriaelhayedo.com\/wp-content\/uploads\/2020\/05\/desbroce-madrid-1.jpg?resize=350%2C200","width":350,"height":200},"classes":[]},{"id":181,"url":"http:\/\/www.jardineriaelhayedo.com\/index.php\/blog-de-jardineria\/","url_meta":{"origin":12,"position":5},"title":"Blog de jardiner\u00eda","date":"18\/04\/2020","format":false,"excerpt":"Bienbenidos a nuestro Bloj de Jardiner\u00eda. En el hablaremos de la jardiner\u00eda en general, noticias interesantes y herramientas que usamos y conocemos perfactamente su funcionamiento. No vamos a meternos de lleno un listado de plantas en general, pero si vamos a interesarnos por las que tenemos presente mas comunmente. Tambi\u00e9n\u2026","rel":"","context":"Entrada similar","img":{"alt_text":"","src":"","width":0,"height":0},"classes":[]}],"_links":{"self":[{"href":"http:\/\/www.jardineriaelhayedo.com\/index.php\/wp-json\/wp\/v2\/pages\/12"}],"collection":[{"href":"http:\/\/www.jardineriaelhayedo.com\/index.php\/wp-json\/wp\/v2\/pages"}],"about":[{"href":"http:\/\/www.jardineriaelhayedo.com\/index.php\/wp-json\/wp\/v2\/types\/page"}],"author":[{"embeddable":true,"href":"http:\/\/www.jardineriaelhayedo.com\/index.php\/wp-json\/wp\/v2\/users\/1"}],"replies":[{"embeddable":true,"href":"http:\/\/www.jardineriaelhayedo.com\/index.php\/wp-json\/wp\/v2\/comments?post=12"}],"version-history":[{"count":0,"href":"http:\/\/www.jardineriaelhayedo.com\/index.php\/wp-json\/wp\/v2\/pages\/12\/revisions"}],"wp:attachment":[{"href":"http:\/\/www.jardineriaelhayedo.com\/index.php\/wp-json\/wp\/v2\/media?parent=12"}],"curies":[{"name":"wp","href":"https:\/\/api.w.org\/{rel}","templated":true}]}}